{"id":2070,"date":"2024-10-29T15:32:45","date_gmt":"2024-10-29T15:32:45","guid":{"rendered":"https:\/\/marbellup.es\/training\/trainers\/david-lopez-diaz\/"},"modified":"2024-10-29T16:48:54","modified_gmt":"2024-10-29T16:48:54","slug":"david-lopez-diaz","status":"publish","type":"page","link":"https:\/\/marbellup.es\/en\/training\/trainers\/david-lopez-diaz\/","title":{"rendered":"David L\u00f3pez D\u00edaz"},"content":{"rendered":"\t\t<div data-elementor-type=\"wp-page\" data-elementor-id=\"2070\" class=\"elementor elementor-2070 elementor-2067\" data-elementor-post-type=\"page\">\n\t\t\t\t<div class=\"elementor-element elementor-element-0410f23 e-flex e-con-boxed e-con e-parent\" data-id=\"0410f23\" data-element_type=\"container\" data-e-type=\"container\">\n\t\t\t\t\t<div class=\"e-con-inner\">\n\t\t<div class=\"elementor-element elementor-element-ad4084e e-con-full e-flex e-con e-child\" data-id=\"ad4084e\" data-element_type=\"container\" data-e-type=\"container\">\n\t\t\t\t<div class=\"elementor-element elementor-element-302bd13 elementor-widget elementor-widget-breadcrumbs\" data-id=\"302bd13\" data-element_type=\"widget\" data-e-type=\"widget\" data-widget_type=\"breadcrumbs.default\">\n\t\t\t\t<div class=\"elementor-widget-container\">\n\t\t\t\t\t<p id=\"breadcrumbs\"><span><span><a href=\"https:\/\/marbellup.es\/en\/\">Portada<\/a><\/span><\/span><\/p>\t\t\t\t<\/div>\n\t\t\t\t<\/div>\n\t\t\t\t<\/div>\n\t\t\t\t\t<\/div>\n\t\t\t\t<\/div>\n\t\t<div class=\"elementor-element elementor-element-21a8f45 e-flex e-con-boxed e-con e-parent\" data-id=\"21a8f45\" data-element_type=\"container\" data-e-type=\"container\">\n\t\t\t\t\t<div class=\"e-con-inner\">\n\t\t<div class=\"elementor-element elementor-element-a46d9b9 e-con-full e-flex e-con e-child\" data-id=\"a46d9b9\" data-element_type=\"container\" data-e-type=\"container\">\n\t\t\t\t<div class=\"elementor-element elementor-element-7a4abdf elementor-widget elementor-widget-heading\" data-id=\"7a4abdf\" data-element_type=\"widget\" data-e-type=\"widget\" data-widget_type=\"heading.default\">\n\t\t\t\t<div class=\"elementor-widget-container\">\n\t\t\t\t\t<h1 class=\"elementor-heading-title elementor-size-default\">David L\u00f3pez D\u00edaz<\/h1>\t\t\t\t<\/div>\n\t\t\t\t<\/div>\n\t\t\t\t<div class=\"elementor-element elementor-element-26d6e3f elementor-widget elementor-widget-heading\" data-id=\"26d6e3f\" data-element_type=\"widget\" data-e-type=\"widget\" data-widget_type=\"heading.default\">\n\t\t\t\t<div class=\"elementor-widget-container\">\n\t\t\t\t\t<h2 class=\"elementor-heading-title elementor-size-default\">Marbellup Trainer<\/h2>\t\t\t\t<\/div>\n\t\t\t\t<\/div>\n\t\t\t\t<div class=\"elementor-element elementor-element-5e2ac40 elementor-widget elementor-widget-heading\" data-id=\"5e2ac40\" data-element_type=\"widget\" data-e-type=\"widget\" data-widget_type=\"heading.default\">\n\t\t\t\t<div class=\"elementor-widget-container\">\n\t\t\t\t\t<h3 class=\"elementor-heading-title elementor-size-default\"><a href=\"https:\/\/marbellup.es\/en\/training\/first-classroom-training-module\/\">First Training Module: Introduction to Digital Transformation<\/a><\/h3>\t\t\t\t<\/div>\n\t\t\t\t<\/div>\n\t\t\t\t<div class=\"elementor-element elementor-element-38887a8 elementor-widget elementor-widget-text-editor\" data-id=\"38887a8\" data-element_type=\"widget\" data-e-type=\"widget\" data-widget_type=\"text-editor.default\">\n\t\t\t\t<div class=\"elementor-widget-container\">\n\t\t\t\t\t\t\t\t\t<div class=\"flex-shrink-0 flex flex-col relative items-end\">\n<div class=\"pt-0\">\n<div class=\"gizmo-bot-avatar flex h-8 w-8 items-center justify-center overflow-hidden rounded-full\">\n<div class=\"relative p-1 rounded-sm flex items-center justify-center bg-token-main-surface-primary text-token-text-primary h-8 w-8\">David L\u00f3pez D\u00edaz is a specialist in digital marketing strategy and transformation, with solid experience in applied artificial intelligence, performance marketing and digital growth. He is currently a partner and consulting director at Bbrave, where he leads marketing transformation projects focused on maximizing digital impact and optimizing customer experience. With a background in multinational companies and prestigious consulting firms, David stands out for his focus on innovation, data analysis and building relevant and profitable customer experiences. His ability to manage teams and his results orientation have enabled the success of numerous projects, achieving remarkable growth in visibility and sales for his clients.   <\/div>\n<\/div>\n<\/div>\n<\/div>\n\t\t\t\t\t\t\t\t<\/div>\n\t\t\t\t<\/div>\n\t\t\t\t<div class=\"elementor-element elementor-element-d709216 e-grid-align-left elementor-shape-rounded elementor-grid-0 elementor-widget elementor-widget-social-icons\" data-id=\"d709216\" data-element_type=\"widget\" data-e-type=\"widget\" data-widget_type=\"social-icons.default\">\n\t\t\t\t<div class=\"elementor-widget-container\">\n\t\t\t\t\t\t\t<div class=\"elementor-social-icons-wrapper elementor-grid\">\n\t\t\t\t\t\t\t<span class=\"elementor-grid-item\">\n\t\t\t\t\t<a class=\"elementor-icon elementor-social-icon elementor-social-icon-linkedin elementor-repeater-item-f9f8e87\" href=\"https:\/\/www.linkedin.com\/in\/david-lopez-diaz\/\" target=\"_blank\">\n\t\t\t\t\t\t<span class=\"elementor-screen-only\">Linkedin<\/span>\n\t\t\t\t\t\t<svg aria-hidden=\"true\" class=\"e-font-icon-svg e-fab-linkedin\" viewBox=\"0 0 448 512\" xmlns=\"http:\/\/www.w3.org\/2000\/svg\"><path d=\"M416 32H31.9C14.3 32 0 46.5 0 64.3v383.4C0 465.5 14.3 480 31.9 480H416c17.6 0 32-14.5 32-32.3V64.3c0-17.8-14.4-32.3-32-32.3zM135.4 416H69V202.2h66.5V416zm-33.2-243c-21.3 0-38.5-17.3-38.5-38.5S80.9 96 102.2 96c21.2 0 38.5 17.3 38.5 38.5 0 21.3-17.2 38.5-38.5 38.5zm282.1 243h-66.4V312c0-24.8-.5-56.7-34.5-56.7-34.6 0-39.9 27-39.9 54.9V416h-66.4V202.2h63.7v29.2h.9c8.9-16.8 30.6-34.5 62.9-34.5 67.2 0 79.7 44.3 79.7 101.9V416z\"><\/path><\/svg>\t\t\t\t\t<\/a>\n\t\t\t\t<\/span>\n\t\t\t\t\t<\/div>\n\t\t\t\t\t\t<\/div>\n\t\t\t\t<\/div>\n\t\t\t\t<\/div>\n\t\t<div class=\"elementor-element elementor-element-fd91402 e-con-full e-flex e-con e-child\" data-id=\"fd91402\" data-element_type=\"container\" data-e-type=\"container\">\n\t\t\t\t<div class=\"elementor-element elementor-element-f24951b elementor-widget elementor-widget-image\" data-id=\"f24951b\" data-element_type=\"widget\" data-e-type=\"widget\" data-widget_type=\"image.default\">\n\t\t\t\t<div class=\"elementor-widget-container\">\n\t\t\t\t\t\t\t\t\t\t\t\t\t\t\t<img fetchpriority=\"high\" decoding=\"async\" width=\"800\" height=\"816\" src=\"http:\/\/marbellup.es\/wp-content\/uploads\/2024\/10\/david-lopez.png\" class=\"attachment-large size-large wp-image-2079\" alt=\"\" srcset=\"http:\/\/marbellup.es\/wp-content\/uploads\/2024\/10\/david-lopez.png 801w, http:\/\/marbellup.es\/wp-content\/uploads\/2024\/10\/david-lopez-294x300.png 294w, http:\/\/marbellup.es\/wp-content\/uploads\/2024\/10\/david-lopez-768x783.png 768w\" sizes=\"(max-width: 800px) 100vw, 800px\" \/>\t\t\t\t\t\t\t\t\t\t\t\t\t\t\t<\/div>\n\t\t\t\t<\/div>\n\t\t\t\t<\/div>\n\t\t\t\t\t<\/div>\n\t\t\t\t<\/div>\n\t\t<div class=\"elementor-element elementor-element-7c1bd8e e-flex e-con-boxed e-con e-parent\" data-id=\"7c1bd8e\" data-element_type=\"container\" data-e-type=\"container\">\n\t\t\t\t\t<div class=\"e-con-inner\">\n\t\t<div class=\"elementor-element elementor-element-5f76668 e-con-full e-flex e-con e-child\" data-id=\"5f76668\" data-element_type=\"container\" data-e-type=\"container\" data-settings=\"{&quot;background_background&quot;:&quot;classic&quot;}\">\n\t\t\t\t<div class=\"elementor-element elementor-element-c7a5404 elementor-widget elementor-widget-image\" data-id=\"c7a5404\" data-element_type=\"widget\" data-e-type=\"widget\" data-widget_type=\"image.default\">\n\t\t\t\t<div class=\"elementor-widget-container\">\n\t\t\t\t\t\t\t\t\t\t\t\t\t\t\t<img decoding=\"async\" width=\"1\" height=\"1\" src=\"http:\/\/marbellup.es\/wp-content\/uploads\/2024\/09\/Marbellup-Logo-Bright-Ayuntamiento-de-Marbella-Delegacion-de-Fomento-Economico.svg\" class=\"attachment-large size-large wp-image-1504\" alt=\"\" \/>\t\t\t\t\t\t\t\t\t\t\t\t\t\t\t<\/div>\n\t\t\t\t<\/div>\n\t\t\t\t<div class=\"elementor-element elementor-element-070dd33 elementor-widget elementor-widget-heading\" data-id=\"070dd33\" data-element_type=\"widget\" data-e-type=\"widget\" data-widget_type=\"heading.default\">\n\t\t\t\t<div class=\"elementor-widget-container\">\n\t\t\t\t\t<h2 class=\"elementor-heading-title elementor-size-default\">Second Training Module<\/h2>\t\t\t\t<\/div>\n\t\t\t\t<\/div>\n\t\t\t\t<div class=\"elementor-element elementor-element-9e6b9eb elementor-widget elementor-widget-heading\" data-id=\"9e6b9eb\" data-element_type=\"widget\" data-e-type=\"widget\" data-widget_type=\"heading.default\">\n\t\t\t\t<div class=\"elementor-widget-container\">\n\t\t\t\t\t<h2 class=\"elementor-heading-title elementor-size-default\">Introduction to automation for companies<\/h2>\t\t\t\t<\/div>\n\t\t\t\t<\/div>\n\t\t\t\t<div class=\"elementor-element elementor-element-3278235 elementor-widget elementor-widget-text-editor\" data-id=\"3278235\" data-element_type=\"widget\" data-e-type=\"widget\" data-widget_type=\"text-editor.default\">\n\t\t\t\t<div class=\"elementor-widget-container\">\n\t\t\t\t\t\t\t\t\t<p>  November 4 to 8<\/p>\n<p>Marbellup Space &#8211; Marbella<\/p>\n\t\t\t\t\t\t\t\t<\/div>\n\t\t\t\t<\/div>\n\t\t\t\t<div class=\"elementor-element elementor-element-5bc91be elementor-align-center elementor-widget elementor-widget-button\" data-id=\"5bc91be\" data-element_type=\"widget\" data-e-type=\"widget\" data-widget_type=\"button.default\">\n\t\t\t\t<div class=\"elementor-widget-container\">\n\t\t\t\t\t\t\t\t\t<div class=\"elementor-button-wrapper\">\n\t\t\t\t\t<a class=\"elementor-button elementor-button-link elementor-size-sm\" href=\"https:\/\/marbellup.es\/en\/training\/second-classroom-training-module-2\/\">\n\t\t\t\t\t\t<span class=\"elementor-button-content-wrapper\">\n\t\t\t\t\t\t\t\t\t<span class=\"elementor-button-text\">MORE INFORMATION<\/span>\n\t\t\t\t\t<\/span>\n\t\t\t\t\t<\/a>\n\t\t\t\t<\/div>\n\t\t\t\t\t\t\t\t<\/div>\n\t\t\t\t<\/div>\n\t\t\t\t<\/div>\n\t\t\t\t\t<\/div>\n\t\t\t\t<\/div>\n\t\t\t\t<\/div>\n\t\t","protected":false},"excerpt":{"rendered":"<p>David L\u00f3pez D\u00edaz Marbellup Trainer First Training Module: Introduction to Digital Transformation David L\u00f3pez D\u00edaz is a specialist in digital marketing strategy and transformation, with solid experience in applied artificial intelligence, performance marketing and digital growth. He is currently a partner and consulting director at Bbrave, where he leads marketing transformation projects focused on maximizing [&hellip;]<\/p>\n","protected":false},"author":1,"featured_media":0,"parent":1969,"menu_order":0,"comment_status":"closed","ping_status":"closed","template":"","meta":{"inline_featured_image":false,"footnotes":""},"class_list":["post-2070","page","type-page","status-publish","hentry"],"yoast_head":"<!-- This site is optimized with the Yoast SEO plugin v26.9 - https:\/\/yoast.com\/product\/yoast-seo-wordpress\/ -->\n<title>David L\u00f3pez D\u00edaz - MARBELLUP<\/title>\n<meta name=\"robots\" content=\"index, follow, max-snippet:-1, max-image-preview:large, max-video-preview:-1\" \/>\n<link rel=\"canonical\" href=\"https:\/\/marbellup.es\/en\/training\/trainers\/david-lopez-diaz\/\" \/>\n<meta property=\"og:locale\" content=\"en_US\" \/>\n<meta property=\"og:type\" content=\"article\" \/>\n<meta property=\"og:title\" content=\"David L\u00f3pez D\u00edaz - MARBELLUP\" \/>\n<meta property=\"og:description\" content=\"David L\u00f3pez D\u00edaz Marbellup Trainer First Training Module: Introduction to Digital Transformation David L\u00f3pez D\u00edaz is a specialist in digital marketing strategy and transformation, with solid experience in applied artificial intelligence, performance marketing and digital growth. He is currently a partner and consulting director at Bbrave, where he leads marketing transformation projects focused on maximizing [&hellip;]\" \/>\n<meta property=\"og:url\" content=\"https:\/\/marbellup.es\/en\/training\/trainers\/david-lopez-diaz\/\" \/>\n<meta property=\"og:site_name\" content=\"MARBELLUP\" \/>\n<meta property=\"article:publisher\" content=\"https:\/\/www.facebook.com\/profile.php?id=61565431061005\" \/>\n<meta property=\"article:modified_time\" content=\"2024-10-29T16:48:54+00:00\" \/>\n<meta property=\"og:image\" content=\"https:\/\/marbellup.es\/wp-content\/uploads\/2024\/10\/david-lopez.png\" \/>\n<meta name=\"twitter:card\" content=\"summary_large_image\" \/>\n<meta name=\"twitter:site\" content=\"@marbellup\" \/>\n<meta name=\"twitter:label1\" content=\"Est. reading time\" \/>\n\t<meta name=\"twitter:data1\" content=\"1 minute\" \/>\n<script type=\"application\/ld+json\" class=\"yoast-schema-graph\">{\"@context\":\"https:\/\/schema.org\",\"@graph\":[{\"@type\":\"WebPage\",\"@id\":\"https:\/\/marbellup.es\/en\/training\/trainers\/david-lopez-diaz\/\",\"url\":\"https:\/\/marbellup.es\/en\/training\/trainers\/david-lopez-diaz\/\",\"name\":\"David L\u00f3pez D\u00edaz - MARBELLUP\",\"isPartOf\":{\"@id\":\"https:\/\/marbellup.es\/en\/#website\"},\"primaryImageOfPage\":{\"@id\":\"https:\/\/marbellup.es\/en\/training\/trainers\/david-lopez-diaz\/#primaryimage\"},\"image\":{\"@id\":\"https:\/\/marbellup.es\/en\/training\/trainers\/david-lopez-diaz\/#primaryimage\"},\"thumbnailUrl\":\"https:\/\/marbellup.es\/wp-content\/uploads\/2024\/10\/david-lopez.png\",\"datePublished\":\"2024-10-29T15:32:45+00:00\",\"dateModified\":\"2024-10-29T16:48:54+00:00\",\"breadcrumb\":{\"@id\":\"https:\/\/marbellup.es\/en\/training\/trainers\/david-lopez-diaz\/#breadcrumb\"},\"inLanguage\":\"en-US\",\"potentialAction\":[{\"@type\":\"ReadAction\",\"target\":[\"https:\/\/marbellup.es\/en\/training\/trainers\/david-lopez-diaz\/\"]}]},{\"@type\":\"ImageObject\",\"inLanguage\":\"en-US\",\"@id\":\"https:\/\/marbellup.es\/en\/training\/trainers\/david-lopez-diaz\/#primaryimage\",\"url\":\"https:\/\/marbellup.es\/wp-content\/uploads\/2024\/10\/david-lopez.png\",\"contentUrl\":\"https:\/\/marbellup.es\/wp-content\/uploads\/2024\/10\/david-lopez.png\"},{\"@type\":\"BreadcrumbList\",\"@id\":\"https:\/\/marbellup.es\/en\/training\/trainers\/david-lopez-diaz\/#breadcrumb\",\"itemListElement\":[{\"@type\":\"ListItem\",\"position\":1,\"name\":\"Portada\",\"item\":\"https:\/\/marbellup.es\/en\/\"},{\"@type\":\"ListItem\",\"position\":2,\"name\":\"Training\",\"item\":\"https:\/\/marbellup.es\/en\/training\/\"},{\"@type\":\"ListItem\",\"position\":3,\"name\":\"Trainers\",\"item\":\"https:\/\/marbellup.es\/en\/training\/trainers\/\"},{\"@type\":\"ListItem\",\"position\":4,\"name\":\"David L\u00f3pez D\u00edaz\"}]},{\"@type\":\"WebSite\",\"@id\":\"https:\/\/marbellup.es\/en\/#website\",\"url\":\"https:\/\/marbellup.es\/en\/\",\"name\":\"Marbellup - Ayuntamiento de Marbella Fomento Econ\u00f3mico\",\"description\":\"Ayuntamiento de Marbella Fomento Econ\u00f3mico\",\"publisher\":{\"@id\":\"https:\/\/marbellup.es\/en\/#organization\"},\"alternateName\":\"Marbellup\",\"potentialAction\":[{\"@type\":\"SearchAction\",\"target\":{\"@type\":\"EntryPoint\",\"urlTemplate\":\"https:\/\/marbellup.es\/en\/?s={search_term_string}\"},\"query-input\":{\"@type\":\"PropertyValueSpecification\",\"valueRequired\":true,\"valueName\":\"search_term_string\"}}],\"inLanguage\":\"en-US\"},{\"@type\":\"Organization\",\"@id\":\"https:\/\/marbellup.es\/en\/#organization\",\"name\":\"Marbellup - Ayuntamiento de Marbella Fomento Econ\u00f3mico\",\"alternateName\":\"Marbellup\",\"url\":\"https:\/\/marbellup.es\/en\/\",\"logo\":{\"@type\":\"ImageObject\",\"inLanguage\":\"en-US\",\"@id\":\"https:\/\/marbellup.es\/en\/#\/schema\/logo\/image\/\",\"url\":\"https:\/\/marbellup.es\/wp-content\/uploads\/2024\/09\/Marbellup-Logo-Bright-Ayuntamiento-de-Marbella-Delegacion-de-Fomento-Economico.svg\",\"contentUrl\":\"https:\/\/marbellup.es\/wp-content\/uploads\/2024\/09\/Marbellup-Logo-Bright-Ayuntamiento-de-Marbella-Delegacion-de-Fomento-Economico.svg\",\"caption\":\"Marbellup - Ayuntamiento de Marbella Fomento Econ\u00f3mico\"},\"image\":{\"@id\":\"https:\/\/marbellup.es\/en\/#\/schema\/logo\/image\/\"},\"sameAs\":[\"https:\/\/www.facebook.com\/profile.php?id=61565431061005\",\"https:\/\/x.com\/marbellup\",\"https:\/\/instagram.com\/marbellup_\",\"https:\/\/www.youtube.com\/@marbellup\",\"https:\/\/www.tiktok.com\/@marbellup\"]}]}<\/script>\n<!-- \/ Yoast SEO plugin. -->","yoast_head_json":{"title":"David L\u00f3pez D\u00edaz - MARBELLUP","robots":{"index":"index","follow":"follow","max-snippet":"max-snippet:-1","max-image-preview":"max-image-preview:large","max-video-preview":"max-video-preview:-1"},"canonical":"https:\/\/marbellup.es\/en\/training\/trainers\/david-lopez-diaz\/","og_locale":"en_US","og_type":"article","og_title":"David L\u00f3pez D\u00edaz - MARBELLUP","og_description":"David L\u00f3pez D\u00edaz Marbellup Trainer First Training Module: Introduction to Digital Transformation David L\u00f3pez D\u00edaz is a specialist in digital marketing strategy and transformation, with solid experience in applied artificial intelligence, performance marketing and digital growth. He is currently a partner and consulting director at Bbrave, where he leads marketing transformation projects focused on maximizing [&hellip;]","og_url":"https:\/\/marbellup.es\/en\/training\/trainers\/david-lopez-diaz\/","og_site_name":"MARBELLUP","article_publisher":"https:\/\/www.facebook.com\/profile.php?id=61565431061005","article_modified_time":"2024-10-29T16:48:54+00:00","og_image":[{"url":"https:\/\/marbellup.es\/wp-content\/uploads\/2024\/10\/david-lopez.png","type":"","width":"","height":""}],"twitter_card":"summary_large_image","twitter_site":"@marbellup","twitter_misc":{"Est. reading time":"1 minute"},"schema":{"@context":"https:\/\/schema.org","@graph":[{"@type":"WebPage","@id":"https:\/\/marbellup.es\/en\/training\/trainers\/david-lopez-diaz\/","url":"https:\/\/marbellup.es\/en\/training\/trainers\/david-lopez-diaz\/","name":"David L\u00f3pez D\u00edaz - MARBELLUP","isPartOf":{"@id":"https:\/\/marbellup.es\/en\/#website"},"primaryImageOfPage":{"@id":"https:\/\/marbellup.es\/en\/training\/trainers\/david-lopez-diaz\/#primaryimage"},"image":{"@id":"https:\/\/marbellup.es\/en\/training\/trainers\/david-lopez-diaz\/#primaryimage"},"thumbnailUrl":"https:\/\/marbellup.es\/wp-content\/uploads\/2024\/10\/david-lopez.png","datePublished":"2024-10-29T15:32:45+00:00","dateModified":"2024-10-29T16:48:54+00:00","breadcrumb":{"@id":"https:\/\/marbellup.es\/en\/training\/trainers\/david-lopez-diaz\/#breadcrumb"},"inLanguage":"en-US","potentialAction":[{"@type":"ReadAction","target":["https:\/\/marbellup.es\/en\/training\/trainers\/david-lopez-diaz\/"]}]},{"@type":"ImageObject","inLanguage":"en-US","@id":"https:\/\/marbellup.es\/en\/training\/trainers\/david-lopez-diaz\/#primaryimage","url":"https:\/\/marbellup.es\/wp-content\/uploads\/2024\/10\/david-lopez.png","contentUrl":"https:\/\/marbellup.es\/wp-content\/uploads\/2024\/10\/david-lopez.png"},{"@type":"BreadcrumbList","@id":"https:\/\/marbellup.es\/en\/training\/trainers\/david-lopez-diaz\/#breadcrumb","itemListElement":[{"@type":"ListItem","position":1,"name":"Portada","item":"https:\/\/marbellup.es\/en\/"},{"@type":"ListItem","position":2,"name":"Training","item":"https:\/\/marbellup.es\/en\/training\/"},{"@type":"ListItem","position":3,"name":"Trainers","item":"https:\/\/marbellup.es\/en\/training\/trainers\/"},{"@type":"ListItem","position":4,"name":"David L\u00f3pez D\u00edaz"}]},{"@type":"WebSite","@id":"https:\/\/marbellup.es\/en\/#website","url":"https:\/\/marbellup.es\/en\/","name":"Marbellup - Ayuntamiento de Marbella Fomento Econ\u00f3mico","description":"Ayuntamiento de Marbella Fomento Econ\u00f3mico","publisher":{"@id":"https:\/\/marbellup.es\/en\/#organization"},"alternateName":"Marbellup","potentialAction":[{"@type":"SearchAction","target":{"@type":"EntryPoint","urlTemplate":"https:\/\/marbellup.es\/en\/?s={search_term_string}"},"query-input":{"@type":"PropertyValueSpecification","valueRequired":true,"valueName":"search_term_string"}}],"inLanguage":"en-US"},{"@type":"Organization","@id":"https:\/\/marbellup.es\/en\/#organization","name":"Marbellup - Ayuntamiento de Marbella Fomento Econ\u00f3mico","alternateName":"Marbellup","url":"https:\/\/marbellup.es\/en\/","logo":{"@type":"ImageObject","inLanguage":"en-US","@id":"https:\/\/marbellup.es\/en\/#\/schema\/logo\/image\/","url":"https:\/\/marbellup.es\/wp-content\/uploads\/2024\/09\/Marbellup-Logo-Bright-Ayuntamiento-de-Marbella-Delegacion-de-Fomento-Economico.svg","contentUrl":"https:\/\/marbellup.es\/wp-content\/uploads\/2024\/09\/Marbellup-Logo-Bright-Ayuntamiento-de-Marbella-Delegacion-de-Fomento-Economico.svg","caption":"Marbellup - Ayuntamiento de Marbella Fomento Econ\u00f3mico"},"image":{"@id":"https:\/\/marbellup.es\/en\/#\/schema\/logo\/image\/"},"sameAs":["https:\/\/www.facebook.com\/profile.php?id=61565431061005","https:\/\/x.com\/marbellup","https:\/\/instagram.com\/marbellup_","https:\/\/www.youtube.com\/@marbellup","https:\/\/www.tiktok.com\/@marbellup"]}]}},"_links":{"self":[{"href":"https:\/\/marbellup.es\/en\/wp-json\/wp\/v2\/pages\/2070","targetHints":{"allow":["GET"]}}],"collection":[{"href":"https:\/\/marbellup.es\/en\/wp-json\/wp\/v2\/pages"}],"about":[{"href":"https:\/\/marbellup.es\/en\/wp-json\/wp\/v2\/types\/page"}],"author":[{"embeddable":true,"href":"https:\/\/marbellup.es\/en\/wp-json\/wp\/v2\/users\/1"}],"replies":[{"embeddable":true,"href":"https:\/\/marbellup.es\/en\/wp-json\/wp\/v2\/comments?post=2070"}],"version-history":[{"count":4,"href":"https:\/\/marbellup.es\/en\/wp-json\/wp\/v2\/pages\/2070\/revisions"}],"predecessor-version":[{"id":2195,"href":"https:\/\/marbellup.es\/en\/wp-json\/wp\/v2\/pages\/2070\/revisions\/2195"}],"up":[{"embeddable":true,"href":"https:\/\/marbellup.es\/en\/wp-json\/wp\/v2\/pages\/1969"}],"wp:attachment":[{"href":"https:\/\/marbellup.es\/en\/wp-json\/wp\/v2\/media?parent=2070"}],"curies":[{"name":"wp","href":"https:\/\/api.w.org\/{rel}","templated":true}]}}