{"id":4809,"date":"2024-12-09T11:34:31","date_gmt":"2024-12-09T11:34:31","guid":{"rendered":"https:\/\/marbellup.es\/elementor-4784\/"},"modified":"2024-12-12T09:15:06","modified_gmt":"2024-12-12T09:15:06","slug":"elementor-4784","status":"publish","type":"page","link":"https:\/\/marbellup.es\/en\/training\/trainers\/elementor-4784\/","title":{"rendered":"Fernando Jimenez"},"content":{"rendered":"\t\t<div data-elementor-type=\"wp-page\" data-elementor-id=\"4809\" class=\"elementor elementor-4809 elementor-4784\" data-elementor-post-type=\"page\">\n\t\t\t\t<div class=\"elementor-element elementor-element-f32a51a e-flex e-con-boxed e-con e-parent\" data-id=\"f32a51a\" data-element_type=\"container\" data-e-type=\"container\">\n\t\t\t\t\t<div class=\"e-con-inner\">\n\t\t<div class=\"elementor-element elementor-element-19e05ed e-con-full e-flex e-con e-child\" data-id=\"19e05ed\" data-element_type=\"container\" data-e-type=\"container\">\n\t\t\t\t<div class=\"elementor-element elementor-element-239cdf9 elementor-widget elementor-widget-breadcrumbs\" data-id=\"239cdf9\" data-element_type=\"widget\" data-e-type=\"widget\" data-widget_type=\"breadcrumbs.default\">\n\t\t\t\t<div class=\"elementor-widget-container\">\n\t\t\t\t\t<p id=\"breadcrumbs\"><span><span><a href=\"http:\/\/marbellup.es\/en\/\">Portada<\/a><\/span><\/span><\/p>\t\t\t\t<\/div>\n\t\t\t\t<\/div>\n\t\t\t\t<\/div>\n\t\t\t\t\t<\/div>\n\t\t\t\t<\/div>\n\t\t<div class=\"elementor-element elementor-element-d7be171 e-flex e-con-boxed e-con e-parent\" data-id=\"d7be171\" data-element_type=\"container\" data-e-type=\"container\">\n\t\t\t\t\t<div class=\"e-con-inner\">\n\t\t<div class=\"elementor-element elementor-element-3a7f586 e-con-full e-flex e-con e-child\" data-id=\"3a7f586\" data-element_type=\"container\" data-e-type=\"container\">\n\t\t\t\t<div class=\"elementor-element elementor-element-a1e6689 elementor-widget elementor-widget-heading\" data-id=\"a1e6689\" data-element_type=\"widget\" data-e-type=\"widget\" data-widget_type=\"heading.default\">\n\t\t\t\t<div class=\"elementor-widget-container\">\n\t\t\t\t\t<h1 class=\"elementor-heading-title elementor-size-default\">Fernando Jimenez<\/h1>\t\t\t\t<\/div>\n\t\t\t\t<\/div>\n\t\t\t\t<div class=\"elementor-element elementor-element-7b84bbc elementor-widget elementor-widget-heading\" data-id=\"7b84bbc\" data-element_type=\"widget\" data-e-type=\"widget\" data-widget_type=\"heading.default\">\n\t\t\t\t<div class=\"elementor-widget-container\">\n\t\t\t\t\t<h2 class=\"elementor-heading-title elementor-size-default\">Expert in artificial intelligence and automation<\/h2>\t\t\t\t<\/div>\n\t\t\t\t<\/div>\n\t\t\t\t<div class=\"elementor-element elementor-element-497da32 elementor-widget elementor-widget-heading\" data-id=\"497da32\" data-element_type=\"widget\" data-e-type=\"widget\" data-widget_type=\"heading.default\">\n\t\t\t\t<div class=\"elementor-widget-container\">\n\t\t\t\t\t<h3 class=\"elementor-heading-title elementor-size-default\"><a href=\"https:\/\/marbellup.es\/en\/training\/fourth-classroom-training-module\/\">Fourth Training Module: Introduction to Digital Transformation<\/a><\/h3>\t\t\t\t<\/div>\n\t\t\t\t<\/div>\n\t\t\t\t<div class=\"elementor-element elementor-element-1f524c5 elementor-widget elementor-widget-text-editor\" data-id=\"1f524c5\" data-element_type=\"widget\" data-e-type=\"widget\" data-widget_type=\"text-editor.default\">\n\t\t\t\t<div class=\"elementor-widget-container\">\n\t\t\t\t\t\t\t\t\t<div class=\"flex-shrink-0 flex flex-col relative items-end\">\n<div class=\"pt-0\">\n<div class=\"gizmo-bot-avatar flex h-8 w-8 items-center justify-center overflow-hidden rounded-full\">\n<div class=\"relative p-1 rounded-sm flex items-center justify-center bg-token-main-surface-primary text-token-text-primary h-8 w-8\">\n<p>Fernando Jim\u00e9nez, expert in artificial intelligence and automation, shone at Business Innovation Marbella 2024  <img decoding=\"async\" class=\"emoji\" role=\"img\" draggable=\"false\" src=\"https:\/\/s.w.org\/images\/core\/emoji\/15.0.3\/svg\/1f31f.svg\" alt=\"\ud83c\udf1f\"><img decoding=\"async\" class=\"emoji\" role=\"img\" draggable=\"false\" src=\"https:\/\/s.w.org\/images\/core\/emoji\/15.0.3\/svg\/1f916.svg\" alt=\"\ud83e\udd16\">. Su enfoque pr\u00e1ctico y visionario dej\u00f3 huella en cada taller que imparti\u00f3. <\/p>\n<\/p>\n<p><img decoding=\"async\" class=\"emoji\" role=\"img\" draggable=\"false\" src=\"https:\/\/s.w.org\/images\/core\/emoji\/15.0.3\/svg\/1f4cc.svg\" alt=\"\ud83d\udccc\">  Highlights:<br \/><img decoding=\"async\" class=\"emoji\" role=\"img\" draggable=\"false\" src=\"https:\/\/s.w.org\/images\/core\/emoji\/15.0.3\/svg\/2728.svg\" alt=\"\u2728\"> Workshop: &#8220;ChatGPT 4.0: Your ally in business innovation&#8221;<br \/><img decoding=\"async\" class=\"emoji\" role=\"img\" draggable=\"false\" src=\"https:\/\/s.w.org\/images\/core\/emoji\/15.0.3\/svg\/2728.svg\" alt=\"\u2728\"> Workshop: &#8220;Playground: experimentation for digital transformation&#8221;<br \/><img decoding=\"async\" class=\"emoji\" role=\"img\" draggable=\"false\" src=\"https:\/\/s.w.org\/images\/core\/emoji\/15.0.3\/svg\/2728.svg\" alt=\"\u2728\"> Workshop: &#8220;Machine learning without programming: Your first image detection model&#8221;.<\/p>\n<\/p>\n<p>Thank you, Fernando, for guiding us through the fascinating world of AI and for inspiring us to experiment, learn and grow in the digital age. See you in 2025!   <img decoding=\"async\" class=\"emoji\" role=\"img\" draggable=\"false\" src=\"https:\/\/s.w.org\/images\/core\/emoji\/15.0.3\/svg\/1f680.svg\" alt=\"\ud83d\ude80\"><\/p>\n<\/div>\n<\/div>\n<\/div>\n<\/div>\n\t\t\t\t\t\t\t\t<\/div>\n\t\t\t\t<\/div>\n\t\t\t\t<div class=\"elementor-element elementor-element-4fc9c63 e-grid-align-left elementor-shape-rounded elementor-grid-0 elementor-widget elementor-widget-social-icons\" data-id=\"4fc9c63\" data-element_type=\"widget\" data-e-type=\"widget\" data-widget_type=\"social-icons.default\">\n\t\t\t\t<div class=\"elementor-widget-container\">\n\t\t\t\t\t\t\t<div class=\"elementor-social-icons-wrapper elementor-grid\">\n\t\t\t\t\t\t\t<span class=\"elementor-grid-item\">\n\t\t\t\t\t<a class=\"elementor-icon elementor-social-icon elementor-social-icon-linkedin elementor-repeater-item-f9f8e87\" href=\"https:\/\/www.linkedin.com\/in\/soyfjimenez?miniProfileUrn=urn%3Ali%3Afs_miniProfile%3AACoAABvdh5MBF5l7gJsgePGHsdJyIO5AGJnYYcA&#038;lipi=urn%3Ali%3Apage%3Ad_flagship3_search_srp_all%3B7nC9qErBR%2FKrzjygj1%2F9qw%3D%3D\" target=\"_blank\">\n\t\t\t\t\t\t<span class=\"elementor-screen-only\">Linkedin<\/span>\n\t\t\t\t\t\t<svg aria-hidden=\"true\" class=\"e-font-icon-svg e-fab-linkedin\" viewBox=\"0 0 448 512\" xmlns=\"http:\/\/www.w3.org\/2000\/svg\"><path d=\"M416 32H31.9C14.3 32 0 46.5 0 64.3v383.4C0 465.5 14.3 480 31.9 480H416c17.6 0 32-14.5 32-32.3V64.3c0-17.8-14.4-32.3-32-32.3zM135.4 416H69V202.2h66.5V416zm-33.2-243c-21.3 0-38.5-17.3-38.5-38.5S80.9 96 102.2 96c21.2 0 38.5 17.3 38.5 38.5 0 21.3-17.2 38.5-38.5 38.5zm282.1 243h-66.4V312c0-24.8-.5-56.7-34.5-56.7-34.6 0-39.9 27-39.9 54.9V416h-66.4V202.2h63.7v29.2h.9c8.9-16.8 30.6-34.5 62.9-34.5 67.2 0 79.7 44.3 79.7 101.9V416z\"><\/path><\/svg>\t\t\t\t\t<\/a>\n\t\t\t\t<\/span>\n\t\t\t\t\t<\/div>\n\t\t\t\t\t\t<\/div>\n\t\t\t\t<\/div>\n\t\t\t\t<\/div>\n\t\t<div class=\"elementor-element elementor-element-394a58d e-con-full e-flex e-con e-child\" data-id=\"394a58d\" data-element_type=\"container\" data-e-type=\"container\">\n\t\t\t\t<div class=\"elementor-element elementor-element-8c7c7df elementor-widget elementor-widget-image\" data-id=\"8c7c7df\" data-element_type=\"widget\" data-e-type=\"widget\" data-widget_type=\"image.default\">\n\t\t\t\t<div class=\"elementor-widget-container\">\n\t\t\t\t\t\t\t\t\t\t\t\t\t\t\t<img fetchpriority=\"high\" decoding=\"async\" width=\"366\" height=\"364\" src=\"https:\/\/marbellup.es\/wp-content\/uploads\/2024\/12\/fernando-jimenez.png\" class=\"attachment-large size-large wp-image-4777\" alt=\"\" srcset=\"https:\/\/marbellup.es\/wp-content\/uploads\/2024\/12\/fernando-jimenez.png 366w, https:\/\/marbellup.es\/wp-content\/uploads\/2024\/12\/fernando-jimenez-300x298.png 300w, https:\/\/marbellup.es\/wp-content\/uploads\/2024\/12\/fernando-jimenez-150x150.png 150w\" sizes=\"(max-width: 366px) 100vw, 366px\" \/>\t\t\t\t\t\t\t\t\t\t\t\t\t\t\t<\/div>\n\t\t\t\t<\/div>\n\t\t\t\t<\/div>\n\t\t\t\t\t<\/div>\n\t\t\t\t<\/div>\n\t\t\t\t<\/div>\n\t\t","protected":false},"excerpt":{"rendered":"<p>Fernando Jimenez Expert in artificial intelligence and automation Fourth Training Module: Introduction to Digital Transformation Fernando Jim\u00e9nez, expert in artificial intelligence and automation, shone at Business Innovation Marbella 2024 . Su enfoque pr\u00e1ctico y visionario dej\u00f3 huella en cada taller que imparti\u00f3. Highlights: Workshop: &#8220;ChatGPT 4.0: Your ally in business innovation&#8221; Workshop: &#8220;Playground: experimentation for [&hellip;]<\/p>\n","protected":false},"author":1,"featured_media":0,"parent":1969,"menu_order":0,"comment_status":"closed","ping_status":"closed","template":"","meta":{"inline_featured_image":false,"footnotes":""},"class_list":["post-4809","page","type-page","status-publish","hentry"],"yoast_head":"<!-- This site is optimized with the Yoast SEO plugin v26.9 - https:\/\/yoast.com\/product\/yoast-seo-wordpress\/ -->\n<title>Fernando Jimenez - MARBELLUP<\/title>\n<meta name=\"robots\" content=\"index, follow, max-snippet:-1, max-image-preview:large, max-video-preview:-1\" \/>\n<link rel=\"canonical\" href=\"https:\/\/marbellup.es\/en\/training\/trainers\/elementor-4784\/\" \/>\n<meta property=\"og:locale\" content=\"en_US\" \/>\n<meta property=\"og:type\" content=\"article\" \/>\n<meta property=\"og:title\" content=\"Fernando Jimenez - MARBELLUP\" \/>\n<meta property=\"og:description\" content=\"Fernando Jimenez Expert in artificial intelligence and automation Fourth Training Module: Introduction to Digital Transformation Fernando Jim\u00e9nez, expert in artificial intelligence and automation, shone at Business Innovation Marbella 2024 . Su enfoque pr\u00e1ctico y visionario dej\u00f3 huella en cada taller que imparti\u00f3. Highlights: Workshop: &#8220;ChatGPT 4.0: Your ally in business innovation&#8221; Workshop: &#8220;Playground: experimentation for [&hellip;]\" \/>\n<meta property=\"og:url\" content=\"https:\/\/marbellup.es\/en\/training\/trainers\/elementor-4784\/\" \/>\n<meta property=\"og:site_name\" content=\"MARBELLUP\" \/>\n<meta property=\"article:publisher\" content=\"https:\/\/www.facebook.com\/profile.php?id=61565431061005\" \/>\n<meta property=\"article:modified_time\" content=\"2024-12-12T09:15:06+00:00\" \/>\n<meta property=\"og:image\" content=\"https:\/\/s.w.org\/images\/core\/emoji\/15.0.3\/svg\/1f31f.svg\" \/>\n<meta name=\"twitter:card\" content=\"summary_large_image\" \/>\n<meta name=\"twitter:site\" content=\"@marbellup\" \/>\n<script type=\"application\/ld+json\" class=\"yoast-schema-graph\">{\"@context\":\"https:\/\/schema.org\",\"@graph\":[{\"@type\":\"WebPage\",\"@id\":\"https:\/\/marbellup.es\/en\/training\/trainers\/elementor-4784\/\",\"url\":\"https:\/\/marbellup.es\/en\/training\/trainers\/elementor-4784\/\",\"name\":\"Fernando Jimenez - MARBELLUP\",\"isPartOf\":{\"@id\":\"http:\/\/marbellup.es\/en\/#website\"},\"primaryImageOfPage\":{\"@id\":\"https:\/\/marbellup.es\/en\/training\/trainers\/elementor-4784\/#primaryimage\"},\"image\":{\"@id\":\"https:\/\/marbellup.es\/en\/training\/trainers\/elementor-4784\/#primaryimage\"},\"thumbnailUrl\":\"https:\/\/s.w.org\/images\/core\/emoji\/15.0.3\/svg\/1f31f.svg\",\"datePublished\":\"2024-12-09T11:34:31+00:00\",\"dateModified\":\"2024-12-12T09:15:06+00:00\",\"breadcrumb\":{\"@id\":\"https:\/\/marbellup.es\/en\/training\/trainers\/elementor-4784\/#breadcrumb\"},\"inLanguage\":\"en-US\",\"potentialAction\":[{\"@type\":\"ReadAction\",\"target\":[\"https:\/\/marbellup.es\/en\/training\/trainers\/elementor-4784\/\"]}]},{\"@type\":\"ImageObject\",\"inLanguage\":\"en-US\",\"@id\":\"https:\/\/marbellup.es\/en\/training\/trainers\/elementor-4784\/#primaryimage\",\"url\":\"https:\/\/s.w.org\/images\/core\/emoji\/15.0.3\/svg\/1f31f.svg\",\"contentUrl\":\"https:\/\/s.w.org\/images\/core\/emoji\/15.0.3\/svg\/1f31f.svg\"},{\"@type\":\"BreadcrumbList\",\"@id\":\"https:\/\/marbellup.es\/en\/training\/trainers\/elementor-4784\/#breadcrumb\",\"itemListElement\":[{\"@type\":\"ListItem\",\"position\":1,\"name\":\"Portada\",\"item\":\"http:\/\/marbellup.es\/en\/\"},{\"@type\":\"ListItem\",\"position\":2,\"name\":\"Training\",\"item\":\"http:\/\/marbellup.es\/en\/training\/\"},{\"@type\":\"ListItem\",\"position\":3,\"name\":\"Trainers\",\"item\":\"http:\/\/marbellup.es\/en\/training\/trainers\/\"},{\"@type\":\"ListItem\",\"position\":4,\"name\":\"Fernando Jimenez\"}]},{\"@type\":\"WebSite\",\"@id\":\"http:\/\/marbellup.es\/en\/#website\",\"url\":\"http:\/\/marbellup.es\/en\/\",\"name\":\"Marbellup - Ayuntamiento de Marbella Fomento Econ\u00f3mico\",\"description\":\"Ayuntamiento de Marbella Fomento Econ\u00f3mico\",\"publisher\":{\"@id\":\"http:\/\/marbellup.es\/en\/#organization\"},\"alternateName\":\"Marbellup\",\"potentialAction\":[{\"@type\":\"SearchAction\",\"target\":{\"@type\":\"EntryPoint\",\"urlTemplate\":\"http:\/\/marbellup.es\/en\/?s={search_term_string}\"},\"query-input\":{\"@type\":\"PropertyValueSpecification\",\"valueRequired\":true,\"valueName\":\"search_term_string\"}}],\"inLanguage\":\"en-US\"},{\"@type\":\"Organization\",\"@id\":\"http:\/\/marbellup.es\/en\/#organization\",\"name\":\"Marbellup - Ayuntamiento de Marbella Fomento Econ\u00f3mico\",\"alternateName\":\"Marbellup\",\"url\":\"http:\/\/marbellup.es\/en\/\",\"logo\":{\"@type\":\"ImageObject\",\"inLanguage\":\"en-US\",\"@id\":\"http:\/\/marbellup.es\/en\/#\/schema\/logo\/image\/\",\"url\":\"https:\/\/marbellup.es\/wp-content\/uploads\/2024\/09\/Marbellup-Logo-Bright-Ayuntamiento-de-Marbella-Delegacion-de-Fomento-Economico.svg\",\"contentUrl\":\"https:\/\/marbellup.es\/wp-content\/uploads\/2024\/09\/Marbellup-Logo-Bright-Ayuntamiento-de-Marbella-Delegacion-de-Fomento-Economico.svg\",\"caption\":\"Marbellup - Ayuntamiento de Marbella Fomento Econ\u00f3mico\"},\"image\":{\"@id\":\"http:\/\/marbellup.es\/en\/#\/schema\/logo\/image\/\"},\"sameAs\":[\"https:\/\/www.facebook.com\/profile.php?id=61565431061005\",\"https:\/\/x.com\/marbellup\",\"https:\/\/instagram.com\/marbellup_\",\"https:\/\/www.youtube.com\/@marbellup\",\"https:\/\/www.tiktok.com\/@marbellup\"]}]}<\/script>\n<!-- \/ Yoast SEO plugin. -->","yoast_head_json":{"title":"Fernando Jimenez - MARBELLUP","robots":{"index":"index","follow":"follow","max-snippet":"max-snippet:-1","max-image-preview":"max-image-preview:large","max-video-preview":"max-video-preview:-1"},"canonical":"https:\/\/marbellup.es\/en\/training\/trainers\/elementor-4784\/","og_locale":"en_US","og_type":"article","og_title":"Fernando Jimenez - MARBELLUP","og_description":"Fernando Jimenez Expert in artificial intelligence and automation Fourth Training Module: Introduction to Digital Transformation Fernando Jim\u00e9nez, expert in artificial intelligence and automation, shone at Business Innovation Marbella 2024 . Su enfoque pr\u00e1ctico y visionario dej\u00f3 huella en cada taller que imparti\u00f3. Highlights: Workshop: &#8220;ChatGPT 4.0: Your ally in business innovation&#8221; Workshop: &#8220;Playground: experimentation for [&hellip;]","og_url":"https:\/\/marbellup.es\/en\/training\/trainers\/elementor-4784\/","og_site_name":"MARBELLUP","article_publisher":"https:\/\/www.facebook.com\/profile.php?id=61565431061005","article_modified_time":"2024-12-12T09:15:06+00:00","og_image":[{"url":"https:\/\/s.w.org\/images\/core\/emoji\/15.0.3\/svg\/1f31f.svg","type":"","width":"","height":""}],"twitter_card":"summary_large_image","twitter_site":"@marbellup","schema":{"@context":"https:\/\/schema.org","@graph":[{"@type":"WebPage","@id":"https:\/\/marbellup.es\/en\/training\/trainers\/elementor-4784\/","url":"https:\/\/marbellup.es\/en\/training\/trainers\/elementor-4784\/","name":"Fernando Jimenez - MARBELLUP","isPartOf":{"@id":"http:\/\/marbellup.es\/en\/#website"},"primaryImageOfPage":{"@id":"https:\/\/marbellup.es\/en\/training\/trainers\/elementor-4784\/#primaryimage"},"image":{"@id":"https:\/\/marbellup.es\/en\/training\/trainers\/elementor-4784\/#primaryimage"},"thumbnailUrl":"https:\/\/s.w.org\/images\/core\/emoji\/15.0.3\/svg\/1f31f.svg","datePublished":"2024-12-09T11:34:31+00:00","dateModified":"2024-12-12T09:15:06+00:00","breadcrumb":{"@id":"https:\/\/marbellup.es\/en\/training\/trainers\/elementor-4784\/#breadcrumb"},"inLanguage":"en-US","potentialAction":[{"@type":"ReadAction","target":["https:\/\/marbellup.es\/en\/training\/trainers\/elementor-4784\/"]}]},{"@type":"ImageObject","inLanguage":"en-US","@id":"https:\/\/marbellup.es\/en\/training\/trainers\/elementor-4784\/#primaryimage","url":"https:\/\/s.w.org\/images\/core\/emoji\/15.0.3\/svg\/1f31f.svg","contentUrl":"https:\/\/s.w.org\/images\/core\/emoji\/15.0.3\/svg\/1f31f.svg"},{"@type":"BreadcrumbList","@id":"https:\/\/marbellup.es\/en\/training\/trainers\/elementor-4784\/#breadcrumb","itemListElement":[{"@type":"ListItem","position":1,"name":"Portada","item":"http:\/\/marbellup.es\/en\/"},{"@type":"ListItem","position":2,"name":"Training","item":"http:\/\/marbellup.es\/en\/training\/"},{"@type":"ListItem","position":3,"name":"Trainers","item":"http:\/\/marbellup.es\/en\/training\/trainers\/"},{"@type":"ListItem","position":4,"name":"Fernando Jimenez"}]},{"@type":"WebSite","@id":"http:\/\/marbellup.es\/en\/#website","url":"http:\/\/marbellup.es\/en\/","name":"Marbellup - Ayuntamiento de Marbella Fomento Econ\u00f3mico","description":"Ayuntamiento de Marbella Fomento Econ\u00f3mico","publisher":{"@id":"http:\/\/marbellup.es\/en\/#organization"},"alternateName":"Marbellup","potentialAction":[{"@type":"SearchAction","target":{"@type":"EntryPoint","urlTemplate":"http:\/\/marbellup.es\/en\/?s={search_term_string}"},"query-input":{"@type":"PropertyValueSpecification","valueRequired":true,"valueName":"search_term_string"}}],"inLanguage":"en-US"},{"@type":"Organization","@id":"http:\/\/marbellup.es\/en\/#organization","name":"Marbellup - Ayuntamiento de Marbella Fomento Econ\u00f3mico","alternateName":"Marbellup","url":"http:\/\/marbellup.es\/en\/","logo":{"@type":"ImageObject","inLanguage":"en-US","@id":"http:\/\/marbellup.es\/en\/#\/schema\/logo\/image\/","url":"https:\/\/marbellup.es\/wp-content\/uploads\/2024\/09\/Marbellup-Logo-Bright-Ayuntamiento-de-Marbella-Delegacion-de-Fomento-Economico.svg","contentUrl":"https:\/\/marbellup.es\/wp-content\/uploads\/2024\/09\/Marbellup-Logo-Bright-Ayuntamiento-de-Marbella-Delegacion-de-Fomento-Economico.svg","caption":"Marbellup - Ayuntamiento de Marbella Fomento Econ\u00f3mico"},"image":{"@id":"http:\/\/marbellup.es\/en\/#\/schema\/logo\/image\/"},"sameAs":["https:\/\/www.facebook.com\/profile.php?id=61565431061005","https:\/\/x.com\/marbellup","https:\/\/instagram.com\/marbellup_","https:\/\/www.youtube.com\/@marbellup","https:\/\/www.tiktok.com\/@marbellup"]}]}},"_links":{"self":[{"href":"https:\/\/marbellup.es\/en\/wp-json\/wp\/v2\/pages\/4809","targetHints":{"allow":["GET"]}}],"collection":[{"href":"https:\/\/marbellup.es\/en\/wp-json\/wp\/v2\/pages"}],"about":[{"href":"https:\/\/marbellup.es\/en\/wp-json\/wp\/v2\/types\/page"}],"author":[{"embeddable":true,"href":"https:\/\/marbellup.es\/en\/wp-json\/wp\/v2\/users\/1"}],"replies":[{"embeddable":true,"href":"https:\/\/marbellup.es\/en\/wp-json\/wp\/v2\/comments?post=4809"}],"version-history":[{"count":4,"href":"https:\/\/marbellup.es\/en\/wp-json\/wp\/v2\/pages\/4809\/revisions"}],"predecessor-version":[{"id":4820,"href":"https:\/\/marbellup.es\/en\/wp-json\/wp\/v2\/pages\/4809\/revisions\/4820"}],"up":[{"embeddable":true,"href":"https:\/\/marbellup.es\/en\/wp-json\/wp\/v2\/pages\/1969"}],"wp:attachment":[{"href":"https:\/\/marbellup.es\/en\/wp-json\/wp\/v2\/media?parent=4809"}],"curies":[{"name":"wp","href":"https:\/\/api.w.org\/{rel}","templated":true}]}}