{"id":6930,"date":"2025-02-11T13:09:24","date_gmt":"2025-02-11T13:09:24","guid":{"rendered":"https:\/\/marbellup.es\/training\/trainers\/angel-garcia-lupianez\/"},"modified":"2025-02-12T13:16:21","modified_gmt":"2025-02-12T13:16:21","slug":"angel-garcia-lupianez","status":"publish","type":"page","link":"https:\/\/marbellup.es\/en\/training\/trainers\/angel-garcia-lupianez\/","title":{"rendered":"Angel Garc\u00eda Lupi\u00e1\u00f1ez"},"content":{"rendered":"\t\t<div data-elementor-type=\"wp-page\" data-elementor-id=\"6930\" class=\"elementor elementor-6930 elementor-6926\" data-elementor-post-type=\"page\">\n\t\t\t\t<div class=\"elementor-element elementor-element-396c001 e-flex e-con-boxed e-con e-parent\" data-id=\"396c001\" data-element_type=\"container\" data-e-type=\"container\">\n\t\t\t\t\t<div class=\"e-con-inner\">\n\t\t<div class=\"elementor-element elementor-element-c6b567c e-con-full e-flex e-con e-child\" data-id=\"c6b567c\" data-element_type=\"container\" data-e-type=\"container\">\n\t\t\t\t<div class=\"elementor-element elementor-element-b93db48 elementor-widget elementor-widget-breadcrumbs\" data-id=\"b93db48\" data-element_type=\"widget\" data-e-type=\"widget\" data-widget_type=\"breadcrumbs.default\">\n\t\t\t\t<div class=\"elementor-widget-container\">\n\t\t\t\t\t<p id=\"breadcrumbs\"><span><span><a href=\"https:\/\/marbellup.es\/en\/\">Portada<\/a><\/span><\/span><\/p>\t\t\t\t<\/div>\n\t\t\t\t<\/div>\n\t\t\t\t<div class=\"elementor-element elementor-element-6c4bae2 elementor-widget elementor-widget-heading\" data-id=\"6c4bae2\" data-element_type=\"widget\" data-e-type=\"widget\" data-widget_type=\"heading.default\">\n\t\t\t\t<div class=\"elementor-widget-container\">\n\t\t\t\t\t<h1 class=\"elementor-heading-title elementor-size-default\">Angel Garc\u00eda Lupi\u00e1\u00f1ez<\/h1>\t\t\t\t<\/div>\n\t\t\t\t<\/div>\n\t\t\t\t<div class=\"elementor-element elementor-element-7eb0a95 elementor-widget elementor-widget-heading\" data-id=\"7eb0a95\" data-element_type=\"widget\" data-e-type=\"widget\" data-widget_type=\"heading.default\">\n\t\t\t\t<div class=\"elementor-widget-container\">\n\t\t\t\t\t<h2 class=\"elementor-heading-title elementor-size-default\">Content manager and project coordinator.\n<\/h2>\t\t\t\t<\/div>\n\t\t\t\t<\/div>\n\t\t\t\t<div class=\"elementor-element elementor-element-2578c46 elementor-widget elementor-widget-heading\" data-id=\"2578c46\" data-element_type=\"widget\" data-e-type=\"widget\" data-widget_type=\"heading.default\">\n\t\t\t\t<div class=\"elementor-widget-container\">\n\t\t\t\t\t<h3 class=\"elementor-heading-title elementor-size-default\"><a href=\"https:\/\/marbellup.es\/en\/training\/fifth-classroom-training-module\/\">Fifth Training Module: Marketing with AI<\/a><\/h3>\t\t\t\t<\/div>\n\t\t\t\t<\/div>\n\t\t\t\t<div class=\"elementor-element elementor-element-592a3e0 elementor-widget elementor-widget-text-editor\" data-id=\"592a3e0\" data-element_type=\"widget\" data-e-type=\"widget\" data-widget_type=\"text-editor.default\">\n\t\t\t\t<div class=\"elementor-widget-container\">\n\t\t\t\t\t\t\t\t\t<div>\n<div>\n<div>\n<div>\n<p>\u00c1ngel Garc\u00eda Lupi\u00e1\u00f1ez is an expert in content development and project coordination, with more than 18 years of experience in training and programming. He is currently academic director at Bejob, a continuous training company created by Santillana, where he has led the creation and management of more than 80 courses for companies such as IBM, Samsung, ONCE and Indra, training more than 5,000 students in technologies such as HTML, CSS, JavaScript, Python, PHP, React, Angular, SQL, and data analysis with Power BI. <\/p>\n<\/p>\n<p>Throughout his career, Angel has worked in a variety of technical and leadership roles, including PV plant monitoring projects and generative artificial intelligence consulting. His experience spans programming in multiple languages and technologies, Arduino microprocessor development, and designing custom AI solutions for enterprises. <\/p>\n<\/p>\n<p>He has also excelled as a trainer, teaching courses and workshops on programming, web technologies, SEO and automation tools, always focused on the adoption of new technologies.<\/p>\n<\/p>\n<p>In the fifth Marbellup.es training module, Angel will bring his deep knowledge in programming and technological tools, with a practical approach so that participants can apply advanced technologies in their own projects and businesses.<\/p>\n<\/div>\n<\/div>\n<\/div>\n<\/div>\n\t\t\t\t\t\t\t\t<\/div>\n\t\t\t\t<\/div>\n\t\t\t\t<\/div>\n\t\t<div class=\"elementor-element elementor-element-50a87aa e-con-full e-flex e-con e-child\" data-id=\"50a87aa\" data-element_type=\"container\" data-e-type=\"container\">\n\t\t\t\t<div class=\"elementor-element elementor-element-2fd9d84 elementor-widget elementor-widget-image\" data-id=\"2fd9d84\" data-element_type=\"widget\" data-e-type=\"widget\" data-widget_type=\"image.default\">\n\t\t\t\t<div class=\"elementor-widget-container\">\n\t\t\t\t\t\t\t\t\t\t\t\t\t\t\t<img fetchpriority=\"high\" decoding=\"async\" width=\"530\" height=\"501\" src=\"http:\/\/marbellup.es\/wp-content\/uploads\/2025\/02\/ANGEL-GARCIA-LUPIANEZ.png\" class=\"attachment-large size-large wp-image-6907\" alt=\"\" srcset=\"http:\/\/marbellup.es\/wp-content\/uploads\/2025\/02\/ANGEL-GARCIA-LUPIANEZ.png 530w, http:\/\/marbellup.es\/wp-content\/uploads\/2025\/02\/ANGEL-GARCIA-LUPIANEZ-300x284.png 300w\" sizes=\"(max-width: 530px) 100vw, 530px\" \/>\t\t\t\t\t\t\t\t\t\t\t\t\t\t\t<\/div>\n\t\t\t\t<\/div>\n\t\t\t\t<div class=\"elementor-element elementor-element-5d09624 elementor-shape-rounded elementor-grid-0 e-grid-align-center elementor-widget elementor-widget-social-icons\" data-id=\"5d09624\" data-element_type=\"widget\" data-e-type=\"widget\" data-widget_type=\"social-icons.default\">\n\t\t\t\t<div class=\"elementor-widget-container\">\n\t\t\t\t\t\t\t<div class=\"elementor-social-icons-wrapper elementor-grid\">\n\t\t\t\t\t\t\t<span class=\"elementor-grid-item\">\n\t\t\t\t\t<a class=\"elementor-icon elementor-social-icon elementor-social-icon-linkedin elementor-repeater-item-f9f8e87\" href=\"https:\/\/www.linkedin.com\/in\/angel-garc%C3%ADa-lupi%C3%A1%C3%B1ez-aab98973\/\" target=\"_blank\">\n\t\t\t\t\t\t<span class=\"elementor-screen-only\">Linkedin<\/span>\n\t\t\t\t\t\t<svg aria-hidden=\"true\" class=\"e-font-icon-svg e-fab-linkedin\" viewBox=\"0 0 448 512\" xmlns=\"http:\/\/www.w3.org\/2000\/svg\"><path d=\"M416 32H31.9C14.3 32 0 46.5 0 64.3v383.4C0 465.5 14.3 480 31.9 480H416c17.6 0 32-14.5 32-32.3V64.3c0-17.8-14.4-32.3-32-32.3zM135.4 416H69V202.2h66.5V416zm-33.2-243c-21.3 0-38.5-17.3-38.5-38.5S80.9 96 102.2 96c21.2 0 38.5 17.3 38.5 38.5 0 21.3-17.2 38.5-38.5 38.5zm282.1 243h-66.4V312c0-24.8-.5-56.7-34.5-56.7-34.6 0-39.9 27-39.9 54.9V416h-66.4V202.2h63.7v29.2h.9c8.9-16.8 30.6-34.5 62.9-34.5 67.2 0 79.7 44.3 79.7 101.9V416z\"><\/path><\/svg>\t\t\t\t\t<\/a>\n\t\t\t\t<\/span>\n\t\t\t\t\t<\/div>\n\t\t\t\t\t\t<\/div>\n\t\t\t\t<\/div>\n\t\t\t\t<\/div>\n\t\t\t\t\t<\/div>\n\t\t\t\t<\/div>\n\t\t\t\t<\/div>\n\t\t","protected":false},"excerpt":{"rendered":"<p>Angel Garc\u00eda Lupi\u00e1\u00f1ez Content manager and project coordinator. Fifth Training Module: Marketing with AI \u00c1ngel Garc\u00eda Lupi\u00e1\u00f1ez is an expert in content development and project coordination, with more than 18 years of experience in training and programming. He is currently academic director at Bejob, a continuous training company created by Santillana, where he has led [&hellip;]<\/p>\n","protected":false},"author":1,"featured_media":0,"parent":1969,"menu_order":0,"comment_status":"closed","ping_status":"closed","template":"","meta":{"inline_featured_image":false,"footnotes":""},"class_list":["post-6930","page","type-page","status-publish","hentry"],"yoast_head":"<!-- This site is optimized with the Yoast SEO plugin v26.9 - https:\/\/yoast.com\/product\/yoast-seo-wordpress\/ -->\n<title>Angel Garc\u00eda Lupi\u00e1\u00f1ez - MARBELLUP<\/title>\n<meta name=\"robots\" content=\"index, follow, max-snippet:-1, max-image-preview:large, max-video-preview:-1\" \/>\n<link rel=\"canonical\" href=\"https:\/\/marbellup.es\/en\/training\/trainers\/angel-garcia-lupianez\/\" \/>\n<meta property=\"og:locale\" content=\"en_US\" \/>\n<meta property=\"og:type\" content=\"article\" \/>\n<meta property=\"og:title\" content=\"Angel Garc\u00eda Lupi\u00e1\u00f1ez - MARBELLUP\" \/>\n<meta property=\"og:description\" content=\"Angel Garc\u00eda Lupi\u00e1\u00f1ez Content manager and project coordinator. Fifth Training Module: Marketing with AI \u00c1ngel Garc\u00eda Lupi\u00e1\u00f1ez is an expert in content development and project coordination, with more than 18 years of experience in training and programming. He is currently academic director at Bejob, a continuous training company created by Santillana, where he has led [&hellip;]\" \/>\n<meta property=\"og:url\" content=\"https:\/\/marbellup.es\/en\/training\/trainers\/angel-garcia-lupianez\/\" \/>\n<meta property=\"og:site_name\" content=\"MARBELLUP\" \/>\n<meta property=\"article:publisher\" content=\"https:\/\/www.facebook.com\/profile.php?id=61565431061005\" \/>\n<meta property=\"article:modified_time\" content=\"2025-02-12T13:16:21+00:00\" \/>\n<meta property=\"og:image\" content=\"http:\/\/marbellup.es\/wp-content\/uploads\/2025\/02\/ANGEL-GARCIA-LUPIANEZ.png\" \/>\n<meta name=\"twitter:card\" content=\"summary_large_image\" \/>\n<meta name=\"twitter:site\" content=\"@marbellup\" \/>\n<meta name=\"twitter:label1\" content=\"Est. reading time\" \/>\n\t<meta name=\"twitter:data1\" content=\"1 minute\" \/>\n<script type=\"application\/ld+json\" class=\"yoast-schema-graph\">{\"@context\":\"https:\/\/schema.org\",\"@graph\":[{\"@type\":\"WebPage\",\"@id\":\"https:\/\/marbellup.es\/en\/training\/trainers\/angel-garcia-lupianez\/\",\"url\":\"https:\/\/marbellup.es\/en\/training\/trainers\/angel-garcia-lupianez\/\",\"name\":\"Angel Garc\u00eda Lupi\u00e1\u00f1ez - MARBELLUP\",\"isPartOf\":{\"@id\":\"https:\/\/marbellup.es\/en\/#website\"},\"primaryImageOfPage\":{\"@id\":\"https:\/\/marbellup.es\/en\/training\/trainers\/angel-garcia-lupianez\/#primaryimage\"},\"image\":{\"@id\":\"https:\/\/marbellup.es\/en\/training\/trainers\/angel-garcia-lupianez\/#primaryimage\"},\"thumbnailUrl\":\"http:\/\/marbellup.es\/wp-content\/uploads\/2025\/02\/ANGEL-GARCIA-LUPIANEZ.png\",\"datePublished\":\"2025-02-11T13:09:24+00:00\",\"dateModified\":\"2025-02-12T13:16:21+00:00\",\"breadcrumb\":{\"@id\":\"https:\/\/marbellup.es\/en\/training\/trainers\/angel-garcia-lupianez\/#breadcrumb\"},\"inLanguage\":\"en-US\",\"potentialAction\":[{\"@type\":\"ReadAction\",\"target\":[\"https:\/\/marbellup.es\/en\/training\/trainers\/angel-garcia-lupianez\/\"]}]},{\"@type\":\"ImageObject\",\"inLanguage\":\"en-US\",\"@id\":\"https:\/\/marbellup.es\/en\/training\/trainers\/angel-garcia-lupianez\/#primaryimage\",\"url\":\"http:\/\/marbellup.es\/wp-content\/uploads\/2025\/02\/ANGEL-GARCIA-LUPIANEZ.png\",\"contentUrl\":\"http:\/\/marbellup.es\/wp-content\/uploads\/2025\/02\/ANGEL-GARCIA-LUPIANEZ.png\"},{\"@type\":\"BreadcrumbList\",\"@id\":\"https:\/\/marbellup.es\/en\/training\/trainers\/angel-garcia-lupianez\/#breadcrumb\",\"itemListElement\":[{\"@type\":\"ListItem\",\"position\":1,\"name\":\"Portada\",\"item\":\"https:\/\/marbellup.es\/en\/\"},{\"@type\":\"ListItem\",\"position\":2,\"name\":\"Training\",\"item\":\"http:\/\/marbellup.es\/en\/training\/\"},{\"@type\":\"ListItem\",\"position\":3,\"name\":\"Trainers\",\"item\":\"http:\/\/marbellup.es\/en\/training\/trainers\/\"},{\"@type\":\"ListItem\",\"position\":4,\"name\":\"Angel Garc\u00eda Lupi\u00e1\u00f1ez\"}]},{\"@type\":\"WebSite\",\"@id\":\"https:\/\/marbellup.es\/en\/#website\",\"url\":\"https:\/\/marbellup.es\/en\/\",\"name\":\"Marbellup - Ayuntamiento de Marbella Fomento Econ\u00f3mico\",\"description\":\"Ayuntamiento de Marbella Fomento Econ\u00f3mico\",\"publisher\":{\"@id\":\"https:\/\/marbellup.es\/en\/#organization\"},\"alternateName\":\"Marbellup\",\"potentialAction\":[{\"@type\":\"SearchAction\",\"target\":{\"@type\":\"EntryPoint\",\"urlTemplate\":\"https:\/\/marbellup.es\/en\/?s={search_term_string}\"},\"query-input\":{\"@type\":\"PropertyValueSpecification\",\"valueRequired\":true,\"valueName\":\"search_term_string\"}}],\"inLanguage\":\"en-US\"},{\"@type\":\"Organization\",\"@id\":\"https:\/\/marbellup.es\/en\/#organization\",\"name\":\"Marbellup - Ayuntamiento de Marbella Fomento Econ\u00f3mico\",\"alternateName\":\"Marbellup\",\"url\":\"https:\/\/marbellup.es\/en\/\",\"logo\":{\"@type\":\"ImageObject\",\"inLanguage\":\"en-US\",\"@id\":\"https:\/\/marbellup.es\/en\/#\/schema\/logo\/image\/\",\"url\":\"https:\/\/marbellup.es\/wp-content\/uploads\/2024\/09\/Marbellup-Logo-Bright-Ayuntamiento-de-Marbella-Delegacion-de-Fomento-Economico.svg\",\"contentUrl\":\"https:\/\/marbellup.es\/wp-content\/uploads\/2024\/09\/Marbellup-Logo-Bright-Ayuntamiento-de-Marbella-Delegacion-de-Fomento-Economico.svg\",\"caption\":\"Marbellup - Ayuntamiento de Marbella Fomento Econ\u00f3mico\"},\"image\":{\"@id\":\"https:\/\/marbellup.es\/en\/#\/schema\/logo\/image\/\"},\"sameAs\":[\"https:\/\/www.facebook.com\/profile.php?id=61565431061005\",\"https:\/\/x.com\/marbellup\",\"https:\/\/instagram.com\/marbellup_\",\"https:\/\/www.youtube.com\/@marbellup\",\"https:\/\/www.tiktok.com\/@marbellup\"]}]}<\/script>\n<!-- \/ Yoast SEO plugin. -->","yoast_head_json":{"title":"Angel Garc\u00eda Lupi\u00e1\u00f1ez - MARBELLUP","robots":{"index":"index","follow":"follow","max-snippet":"max-snippet:-1","max-image-preview":"max-image-preview:large","max-video-preview":"max-video-preview:-1"},"canonical":"https:\/\/marbellup.es\/en\/training\/trainers\/angel-garcia-lupianez\/","og_locale":"en_US","og_type":"article","og_title":"Angel Garc\u00eda Lupi\u00e1\u00f1ez - MARBELLUP","og_description":"Angel Garc\u00eda Lupi\u00e1\u00f1ez Content manager and project coordinator. Fifth Training Module: Marketing with AI \u00c1ngel Garc\u00eda Lupi\u00e1\u00f1ez is an expert in content development and project coordination, with more than 18 years of experience in training and programming. He is currently academic director at Bejob, a continuous training company created by Santillana, where he has led [&hellip;]","og_url":"https:\/\/marbellup.es\/en\/training\/trainers\/angel-garcia-lupianez\/","og_site_name":"MARBELLUP","article_publisher":"https:\/\/www.facebook.com\/profile.php?id=61565431061005","article_modified_time":"2025-02-12T13:16:21+00:00","og_image":[{"url":"http:\/\/marbellup.es\/wp-content\/uploads\/2025\/02\/ANGEL-GARCIA-LUPIANEZ.png","type":"","width":"","height":""}],"twitter_card":"summary_large_image","twitter_site":"@marbellup","twitter_misc":{"Est. reading time":"1 minute"},"schema":{"@context":"https:\/\/schema.org","@graph":[{"@type":"WebPage","@id":"https:\/\/marbellup.es\/en\/training\/trainers\/angel-garcia-lupianez\/","url":"https:\/\/marbellup.es\/en\/training\/trainers\/angel-garcia-lupianez\/","name":"Angel Garc\u00eda Lupi\u00e1\u00f1ez - MARBELLUP","isPartOf":{"@id":"https:\/\/marbellup.es\/en\/#website"},"primaryImageOfPage":{"@id":"https:\/\/marbellup.es\/en\/training\/trainers\/angel-garcia-lupianez\/#primaryimage"},"image":{"@id":"https:\/\/marbellup.es\/en\/training\/trainers\/angel-garcia-lupianez\/#primaryimage"},"thumbnailUrl":"http:\/\/marbellup.es\/wp-content\/uploads\/2025\/02\/ANGEL-GARCIA-LUPIANEZ.png","datePublished":"2025-02-11T13:09:24+00:00","dateModified":"2025-02-12T13:16:21+00:00","breadcrumb":{"@id":"https:\/\/marbellup.es\/en\/training\/trainers\/angel-garcia-lupianez\/#breadcrumb"},"inLanguage":"en-US","potentialAction":[{"@type":"ReadAction","target":["https:\/\/marbellup.es\/en\/training\/trainers\/angel-garcia-lupianez\/"]}]},{"@type":"ImageObject","inLanguage":"en-US","@id":"https:\/\/marbellup.es\/en\/training\/trainers\/angel-garcia-lupianez\/#primaryimage","url":"http:\/\/marbellup.es\/wp-content\/uploads\/2025\/02\/ANGEL-GARCIA-LUPIANEZ.png","contentUrl":"http:\/\/marbellup.es\/wp-content\/uploads\/2025\/02\/ANGEL-GARCIA-LUPIANEZ.png"},{"@type":"BreadcrumbList","@id":"https:\/\/marbellup.es\/en\/training\/trainers\/angel-garcia-lupianez\/#breadcrumb","itemListElement":[{"@type":"ListItem","position":1,"name":"Portada","item":"https:\/\/marbellup.es\/en\/"},{"@type":"ListItem","position":2,"name":"Training","item":"http:\/\/marbellup.es\/en\/training\/"},{"@type":"ListItem","position":3,"name":"Trainers","item":"http:\/\/marbellup.es\/en\/training\/trainers\/"},{"@type":"ListItem","position":4,"name":"Angel Garc\u00eda Lupi\u00e1\u00f1ez"}]},{"@type":"WebSite","@id":"https:\/\/marbellup.es\/en\/#website","url":"https:\/\/marbellup.es\/en\/","name":"Marbellup - Ayuntamiento de Marbella Fomento Econ\u00f3mico","description":"Ayuntamiento de Marbella Fomento Econ\u00f3mico","publisher":{"@id":"https:\/\/marbellup.es\/en\/#organization"},"alternateName":"Marbellup","potentialAction":[{"@type":"SearchAction","target":{"@type":"EntryPoint","urlTemplate":"https:\/\/marbellup.es\/en\/?s={search_term_string}"},"query-input":{"@type":"PropertyValueSpecification","valueRequired":true,"valueName":"search_term_string"}}],"inLanguage":"en-US"},{"@type":"Organization","@id":"https:\/\/marbellup.es\/en\/#organization","name":"Marbellup - Ayuntamiento de Marbella Fomento Econ\u00f3mico","alternateName":"Marbellup","url":"https:\/\/marbellup.es\/en\/","logo":{"@type":"ImageObject","inLanguage":"en-US","@id":"https:\/\/marbellup.es\/en\/#\/schema\/logo\/image\/","url":"https:\/\/marbellup.es\/wp-content\/uploads\/2024\/09\/Marbellup-Logo-Bright-Ayuntamiento-de-Marbella-Delegacion-de-Fomento-Economico.svg","contentUrl":"https:\/\/marbellup.es\/wp-content\/uploads\/2024\/09\/Marbellup-Logo-Bright-Ayuntamiento-de-Marbella-Delegacion-de-Fomento-Economico.svg","caption":"Marbellup - Ayuntamiento de Marbella Fomento Econ\u00f3mico"},"image":{"@id":"https:\/\/marbellup.es\/en\/#\/schema\/logo\/image\/"},"sameAs":["https:\/\/www.facebook.com\/profile.php?id=61565431061005","https:\/\/x.com\/marbellup","https:\/\/instagram.com\/marbellup_","https:\/\/www.youtube.com\/@marbellup","https:\/\/www.tiktok.com\/@marbellup"]}]}},"_links":{"self":[{"href":"https:\/\/marbellup.es\/en\/wp-json\/wp\/v2\/pages\/6930","targetHints":{"allow":["GET"]}}],"collection":[{"href":"https:\/\/marbellup.es\/en\/wp-json\/wp\/v2\/pages"}],"about":[{"href":"https:\/\/marbellup.es\/en\/wp-json\/wp\/v2\/types\/page"}],"author":[{"embeddable":true,"href":"https:\/\/marbellup.es\/en\/wp-json\/wp\/v2\/users\/1"}],"replies":[{"embeddable":true,"href":"https:\/\/marbellup.es\/en\/wp-json\/wp\/v2\/comments?post=6930"}],"version-history":[{"count":3,"href":"https:\/\/marbellup.es\/en\/wp-json\/wp\/v2\/pages\/6930\/revisions"}],"predecessor-version":[{"id":6999,"href":"https:\/\/marbellup.es\/en\/wp-json\/wp\/v2\/pages\/6930\/revisions\/6999"}],"up":[{"embeddable":true,"href":"https:\/\/marbellup.es\/en\/wp-json\/wp\/v2\/pages\/1969"}],"wp:attachment":[{"href":"https:\/\/marbellup.es\/en\/wp-json\/wp\/v2\/media?parent=6930"}],"curies":[{"name":"wp","href":"https:\/\/api.w.org\/{rel}","templated":true}]}}